{"id":467,"date":"2025-11-29T13:31:48","date_gmt":"2025-11-29T13:31:48","guid":{"rendered":"https:\/\/yzq.iop.mybluehost.me\/website_17d64627\/?page_id=467"},"modified":"2026-01-29T16:26:13","modified_gmt":"2026-01-29T16:26:13","slug":"forum","status":"publish","type":"page","link":"https:\/\/earthproyecto.es\/tr\/forum\/","title":{"rendered":"Forum"},"content":{"rendered":"<div data-elementor-type=\"wp-page\" data-elementor-id=\"467\" class=\"elementor elementor-467\">\n\t\t\t\t<div class=\"elementor-element elementor-element-7aec48c e-flex e-con-boxed e-con e-parent\" data-id=\"7aec48c\" data-element_type=\"container\" data-e-type=\"container\">\n\t\t\t\t\t<div class=\"e-con-inner\">\n\t\t<div class=\"elementor-element elementor-element-4d093c8 e-con-full e-grid e-con e-child\" data-id=\"4d093c8\" data-element_type=\"container\" data-e-type=\"container\">\n\t\t\t\t<div class=\"elementor-element elementor-element-42f170c elementor-widget elementor-widget-shortcode\" data-id=\"42f170c\" data-element_type=\"widget\" data-e-type=\"widget\" data-widget_type=\"shortcode.default\">\n\t\t\t\t\t\t\t<div class=\"elementor-shortcode\">\n<div id=\"bbpress-forums\">\n\n\t\n\t\t<div class=\"bbp-search-form\">\n\n\t\t\t\n<form role=\"search\" method=\"get\" id=\"bbp-search-form\" action=\"https:\/\/earthproyecto.es\/tr\/Forum\/search\/\" data-trp-original-action=\"https:\/\/earthproyecto.es\/tr\/Forum\/search\/\">\n\t<div class=\"bbp-search-box\">\n\t\t<label class=\"screen-reader-text hidden\" for=\"bbp_search\">Ara:<\/label>\n\t\t<input type=\"hidden\" name=\"action\" value=\"bbp-search-request\"\/>\n\t\t<input tabindex=\"101\" type=\"text\"\n\t\t\t\tvalue=\"\"\n\t\t\t\tplaceholder=\"Konuyu ara\u015ft\u0131r\" name=\"bbp_search\" id=\"bbp_search\"\/>\n\t\t<input tabindex=\"102\" class=\"button\" type=\"submit\" id=\"bbp_search_submit\" value=\"\"\/>\n\t<\/div>\n<input type=\"hidden\" name=\"trp-form-language\" value=\"tr\"\/><\/form>\n\n\t\t<\/div>\n\n\t\n\t\n\t\n\t\n\t\t\n<ul id=\"forums-list-0\" class=\"bbp-forums\">\n\n\t<li class=\"bbp-header\">\n\n\t\t<ul class=\"forum-titles\">\n\t\t\t<li class=\"bbp-forum-info\">Forum<\/li>\n\t\t\t<li class=\"bbp-forum-topic-count\">Konular<\/li>\n\t\t\t<li class=\"bbp-forum-reply-count\">Yaz\u0131lar<\/li>\n\t\t\t<li class=\"bbp-forum-freshness\">Son yaz\u0131<\/li>\n\t\t<\/ul>\n\n\t<\/li><!-- .bbp-header -->\n\n\t<li class=\"bbp-body\">\n\n\t\t\n\t\t\t\n<ul id=\"bbp-forum-639\" class=\"loop-item-0 bbp-forum-status-open bbp-forum-visibility-publish odd  post-639 forum type-forum status-publish hentry\">\n\t<li class=\"bbp-forum-info\">\n\n\t\t\n\t\t\n\t\t<a class=\"bbp-forum-title\" href=\"https:\/\/earthproyecto.es\/tr\/Forum\/forum\/agroecological-practices-for-beginners-101-forum\/\">Yeni Ba\u015flayanlar \u0130\u00e7in Tar\u0131msal Ekolojik Uygulamalar 101 Forumu<\/a>\n\n\t\t\n\t\t\n\t\t<div class=\"bbp-forum-content\"><\/div>\n\n\t\t\n\t\t\n\t\t\n\t\t\n\t\t\n\t<\/li>\n\n\t<li class=\"bbp-forum-topic-count\">0<\/li>\n\n\t<li class=\"bbp-forum-reply-count\">0<\/li>\n\n\t<li class=\"bbp-forum-freshness\">\n\n\t\t\n\t\tKonu yok\n\t\t\n\t\t<p class=\"bbp-topic-meta\">\n\n\t\t\t\n\t\t\t<span class=\"bbp-topic-freshness-author\"><\/span>\n\n\t\t\t\n\t\t<\/p>\n\t<\/li>\n<\/ul><!-- #bbp-forum-639 -->\n\n\t\t\n\t\t\t\n<ul id=\"bbp-forum-1739\" class=\"loop-item-1 bbp-forum-status-open bbp-forum-visibility-publish even  post-1739 forum type-forum status-publish hentry\">\n\t<li class=\"bbp-forum-info\">\n\n\t\t\n\t\t\n\t\t<a class=\"bbp-forum-title\" href=\"https:\/\/earthproyecto.es\/tr\/Forum\/forum\/day-1-introduction-to-design-with-diego-miguel-forum\/\">1. G\u00fcn: Diego &amp; Miguel Forum ile Tasar\u0131ma Giri\u015f<\/a>\n\n\t\t\n\t\t\n\t\t<div class=\"bbp-forum-content\"><\/div>\n\n\t\t\n\t\t\n\t\t\n\t\t\n\t\t\n\t<\/li>\n\n\t<li class=\"bbp-forum-topic-count\">0<\/li>\n\n\t<li class=\"bbp-forum-reply-count\">0<\/li>\n\n\t<li class=\"bbp-forum-freshness\">\n\n\t\t\n\t\tKonu yok\n\t\t\n\t\t<p class=\"bbp-topic-meta\">\n\n\t\t\t\n\t\t\t<span class=\"bbp-topic-freshness-author\"><\/span>\n\n\t\t\t\n\t\t<\/p>\n\t<\/li>\n<\/ul><!-- #bbp-forum-1739 -->\n\n\t\t\n\t\t\t\n<ul id=\"bbp-forum-1748\" class=\"loop-item-2 bbp-forum-status-open bbp-forum-visibility-publish odd  post-1748 forum type-forum status-publish hentry\">\n\t<li class=\"bbp-forum-info\">\n\n\t\t\n\t\t\n\t\t<a class=\"bbp-forum-title\" href=\"https:\/\/earthproyecto.es\/tr\/Forum\/forum\/day-2-syntropy-with-ana-sosa-ayala-forum\/\">2. G\u00fcn \u2013 Ana Sosa Ayala ile Sinerji Forumu<\/a>\n\n\t\t\n\t\t\n\t\t<div class=\"bbp-forum-content\"><\/div>\n\n\t\t\n\t\t\n\t\t\n\t\t\n\t\t\n\t<\/li>\n\n\t<li class=\"bbp-forum-topic-count\">0<\/li>\n\n\t<li class=\"bbp-forum-reply-count\">0<\/li>\n\n\t<li class=\"bbp-forum-freshness\">\n\n\t\t\n\t\tKonu yok\n\t\t\n\t\t<p class=\"bbp-topic-meta\">\n\n\t\t\t\n\t\t\t<span class=\"bbp-topic-freshness-author\"><\/span>\n\n\t\t\t\n\t\t<\/p>\n\t<\/li>\n<\/ul><!-- #bbp-forum-1748 -->\n\n\t\t\n\t\t\t\n<ul id=\"bbp-forum-1766\" class=\"loop-item-3 bbp-forum-status-open bbp-forum-visibility-publish even  post-1766 forum type-forum status-publish hentry\">\n\t<li class=\"bbp-forum-info\">\n\n\t\t\n\t\t\n\t\t<a class=\"bbp-forum-title\" href=\"https:\/\/earthproyecto.es\/tr\/Forum\/forum\/day-4-soil-health-and-working-the-land-forum\/\">4. G\u00fcn \u2013 Toprak Sa\u011fl\u0131\u011f\u0131 ve Toprak \u0130\u015fleme<\/a>\n\n\t\t\n\t\t\n\t\t<div class=\"bbp-forum-content\"><\/div>\n\n\t\t\n\t\t\n\t\t\n\t\t\n\t\t\n\t<\/li>\n\n\t<li class=\"bbp-forum-topic-count\">0<\/li>\n\n\t<li class=\"bbp-forum-reply-count\">0<\/li>\n\n\t<li class=\"bbp-forum-freshness\">\n\n\t\t\n\t\tKonu yok\n\t\t\n\t\t<p class=\"bbp-topic-meta\">\n\n\t\t\t\n\t\t\t<span class=\"bbp-topic-freshness-author\"><\/span>\n\n\t\t\t\n\t\t<\/p>\n\t<\/li>\n<\/ul><!-- #bbp-forum-1766 -->\n\n\t\t\n\t\t\t\n<ul id=\"bbp-forum-1769\" class=\"loop-item-4 bbp-forum-status-open bbp-forum-visibility-publish odd  post-1769 forum type-forum status-publish hentry\">\n\t<li class=\"bbp-forum-info\">\n\n\t\t\n\t\t\n\t\t<a class=\"bbp-forum-title\" href=\"https:\/\/earthproyecto.es\/tr\/Forum\/forum\/day-5-permaculture-principles-forum\/\">5. G\u00fcn \u2013 Permak\u00fclt\u00fcr \u0130lkeleri Forum<\/a>\n\n\t\t\n\t\t\n\t\t<div class=\"bbp-forum-content\"><\/div>\n\n\t\t\n\t\t\n\t\t\n\t\t\n\t\t\n\t<\/li>\n\n\t<li class=\"bbp-forum-topic-count\">0<\/li>\n\n\t<li class=\"bbp-forum-reply-count\">0<\/li>\n\n\t<li class=\"bbp-forum-freshness\">\n\n\t\t\n\t\tKonu yok\n\t\t\n\t\t<p class=\"bbp-topic-meta\">\n\n\t\t\t\n\t\t\t<span class=\"bbp-topic-freshness-author\"><\/span>\n\n\t\t\t\n\t\t<\/p>\n\t<\/li>\n<\/ul><!-- #bbp-forum-1769 -->\n\n\t\t\n\t\t\t\n<ul id=\"bbp-forum-1760\" class=\"loop-item-5 bbp-forum-status-open bbp-forum-visibility-publish even  post-1760 forum type-forum status-publish hentry\">\n\t<li class=\"bbp-forum-info\">\n\n\t\t\n\t\t\n\t\t<a class=\"bbp-forum-title\" href=\"https:\/\/earthproyecto.es\/tr\/Forum\/forum\/day3-water-with-ismael-caballero-and-anael-hervas-forum\/\">3. G\u00fcn \u2013 Ismael Caballero ve Anael Herv\u00e1s ile Su<\/a>\n\n\t\t\n\t\t\n\t\t<div class=\"bbp-forum-content\"><\/div>\n\n\t\t\n\t\t\n\t\t\n\t\t\n\t\t\n\t<\/li>\n\n\t<li class=\"bbp-forum-topic-count\">0<\/li>\n\n\t<li class=\"bbp-forum-reply-count\">0<\/li>\n\n\t<li class=\"bbp-forum-freshness\">\n\n\t\t\n\t\tKonu yok\n\t\t\n\t\t<p class=\"bbp-topic-meta\">\n\n\t\t\t\n\t\t\t<span class=\"bbp-topic-freshness-author\"><\/span>\n\n\t\t\t\n\t\t<\/p>\n\t<\/li>\n<\/ul><!-- #bbp-forum-1760 -->\n\n\t\t\n\t\t\t\n<ul id=\"bbp-forum-1776\" class=\"loop-item-6 bbp-forum-status-open bbp-forum-visibility-publish odd  post-1776 forum type-forum status-publish hentry\">\n\t<li class=\"bbp-forum-info\">\n\n\t\t\n\t\t\n\t\t<a class=\"bbp-forum-title\" href=\"https:\/\/earthproyecto.es\/tr\/Forum\/forum\/extra-preview-design-with-miguel-lepoutre-forum\/\">Ekstra \u00d6nizleme: Miguel Lepoutre ile Tasar\u0131m Forum<\/a>\n\n\t\t\n\t\t\n\t\t<div class=\"bbp-forum-content\"><\/div>\n\n\t\t\n\t\t\n\t\t\n\t\t\n\t\t\n\t<\/li>\n\n\t<li class=\"bbp-forum-topic-count\">0<\/li>\n\n\t<li class=\"bbp-forum-reply-count\">0<\/li>\n\n\t<li class=\"bbp-forum-freshness\">\n\n\t\t\n\t\tKonu yok\n\t\t\n\t\t<p class=\"bbp-topic-meta\">\n\n\t\t\t\n\t\t\t<span class=\"bbp-topic-freshness-author\"><\/span>\n\n\t\t\t\n\t\t<\/p>\n\t<\/li>\n<\/ul><!-- #bbp-forum-1776 -->\n\n\t\t\n\t\t\t\n<ul id=\"bbp-forum-465\" class=\"loop-item-7 bbp-forum-status-open bbp-forum-visibility-publish even  post-465 forum type-forum status-publish hentry\">\n\t<li class=\"bbp-forum-info\">\n\n\t\t\n\t\t\n\t\t<a class=\"bbp-forum-title\" href=\"https:\/\/earthproyecto.es\/tr\/Forum\/forum\/general-discussion\/\">Genel Tart\u0131\u015fma<\/a>\n\n\t\t\n\t\t\n\t\t<div class=\"bbp-forum-content\"><strong>A\u00e7\u0131k sohbet ve topluluk etkile\u015fimi i\u00e7in bir alan.<\/strong><\/div>\n\n\t\t\n\t\t\n\t\t\n\t\t\n\t\t\n\t<\/li>\n\n\t<li class=\"bbp-forum-topic-count\">2<\/li>\n\n\t<li class=\"bbp-forum-reply-count\">4<\/li>\n\n\t<li class=\"bbp-forum-freshness\">\n\n\t\t\n\t\t<a href=\"https:\/\/earthproyecto.es\/tr\/Forum\/topic\/%f0%9f%a7%b5-topic-2-whats-one-sustainable-habit-youre-proud-of\/#post-1184\" title=\"Yan\u0131tla: \ud83e\uddf5 Konu 2: Gurur Duydu\u011funuz S\u00fcrd\u00fcr\u00fclebilir Bir Al\u0131\u015fkanl\u0131k Nedir?\">3 ay  2 hafta \u00f6nce<\/a>\n\t\t\n\t\t<p class=\"bbp-topic-meta\">\n\n\t\t\t\n\t\t\t<span class=\"bbp-topic-freshness-author\"><a href=\"https:\/\/earthproyecto.es\/tr\/Forum\/users\/test-user\/\" title=\"Hello kullan\u0131c\u0131s\u0131n\u0131n profilini g\u00f6r\u00fcnt\u00fcle\" class=\"bbp-author-link\"><span  class=\"bbp-author-avatar\"><img data-src='https:\/\/secure.gravatar.com\/avatar\/83788bed579395e5ea6bbb4c9758cb788593863a5e78071281b9cc400bc0a494?s=250&#038;d=mm&#038;r=g' data-srcset='https:\/\/secure.gravatar.com\/avatar\/83788bed579395e5ea6bbb4c9758cb788593863a5e78071281b9cc400bc0a494?s=250&#038;d=mm&#038;r=g 2x' class='avatar avatar-14 photo lazyload' height='14' width='14' decoding='async' src='data:image\/svg+xml;base64,PHN2ZyB3aWR0aD0iMSIgaGVpZ2h0PSIxIiB4bWxucz0iaHR0cDovL3d3dy53My5vcmcvMjAwMC9zdmciPjwvc3ZnPg==' style='--smush-placeholder-width: 14px; --smush-placeholder-aspect-ratio: 14\/14;' \/><\/span><span  class=\"bbp-author-name\">Merhaba<\/span><\/a><\/span>\n\n\t\t\t\n\t\t<\/p>\n\t<\/li>\n<\/ul><!-- #bbp-forum-465 -->\n\n\t\t\n\t\t\t\n<ul id=\"bbp-forum-636\" class=\"loop-item-8 bbp-forum-status-open bbp-forum-visibility-publish odd  post-636 forum type-forum status-publish hentry\">\n\t<li class=\"bbp-forum-info\">\n\n\t\t\n\t\t\n\t\t<a class=\"bbp-forum-title\" href=\"https:\/\/earthproyecto.es\/tr\/Forum\/forum\/introduction-to-regenerative-agriculture-forum\/\">Rejeneratif Tar\u0131m Forumuna Giri\u015f<\/a>\n\n\t\t\n\t\t\n\t\t<div class=\"bbp-forum-content\"><\/div>\n\n\t\t\n\t\t\n\t\t\n\t\t\n\t\t\n\t<\/li>\n\n\t<li class=\"bbp-forum-topic-count\">1<\/li>\n\n\t<li class=\"bbp-forum-reply-count\">1<\/li>\n\n\t<li class=\"bbp-forum-freshness\">\n\n\t\t\n\t\t<a href=\"https:\/\/earthproyecto.es\/tr\/Forum\/topic\/impressions\/\" title=\"\u0130zlenimler\">Be\u015f ay \u00f6nce<\/a>\n\t\t\n\t\t<p class=\"bbp-topic-meta\">\n\n\t\t\t\n\t\t\t<span class=\"bbp-topic-freshness-author\"><a href=\"https:\/\/earthproyecto.es\/tr\/Forum\/users\/breezageri\/\" title=\"Avgoustinos Karatzias kullan\u0131c\u0131s\u0131n\u0131n profilini g\u00f6r\u00fcnt\u00fcle\" class=\"bbp-author-link\"><span  class=\"bbp-author-avatar\"><img data-src='https:\/\/earthproyecto.es\/wp-content\/uploads\/learn-press-profile\/1\/b6f5f2a0b8bccbbdf741299e540319a2.png' data-srcset='https:\/\/earthproyecto.es\/wp-content\/uploads\/learn-press-profile\/1\/b6f5f2a0b8bccbbdf741299e540319a2.png 2x' class='avatar avatar-14 photo lazyload' height='14' width='14' decoding='async' src='data:image\/svg+xml;base64,PHN2ZyB3aWR0aD0iMSIgaGVpZ2h0PSIxIiB4bWxucz0iaHR0cDovL3d3dy53My5vcmcvMjAwMC9zdmciPjwvc3ZnPg==' style='--smush-placeholder-width: 14px; --smush-placeholder-aspect-ratio: 14\/14;' \/><\/span><span  class=\"bbp-author-name\">Avgoustinos Karatzias<\/span><\/a><\/span>\n\n\t\t\t\n\t\t<\/p>\n\t<\/li>\n<\/ul><!-- #bbp-forum-636 -->\n\n\t\t\n\t<\/li><!-- .bbp-body -->\n\n\t<li class=\"bbp-footer\">\n\n\t\t<div class=\"tr\">\n\t\t\t<p class=\"td colspan4\">&nbsp;<\/p>\n\t\t<\/div><!-- .tr -->\n\n\t<\/li><!-- .bbp-footer -->\n\n<\/ul><!-- .forums-directory -->\n\n\n\t\n\t\n<\/div>\n<\/div>\n\t\t\t\t\t\t<\/div>\n\t\t\t\t<\/div>\n\t\t\t\t\t<\/div>\n\t\t\t\t<\/div>\n\t\t\t\t<\/div>","protected":false},"excerpt":{"rendered":"","protected":false},"author":1,"featured_media":0,"parent":0,"menu_order":0,"comment_status":"closed","ping_status":"closed","template":"","meta":{"nf_dc_page":"","_bbp_topic_count":0,"_bbp_reply_count":0,"_bbp_total_topic_count":0,"_bbp_total_reply_count":0,"_bbp_voice_count":0,"_bbp_anonymous_reply_count":0,"_bbp_topic_count_hidden":0,"_bbp_reply_count_hidden":0,"_bbp_forum_subforum_count":0,"footnotes":""},"class_list":["post-467","page","type-page","status-publish","hentry"],"aioseo_notices":[],"_links":{"self":[{"href":"https:\/\/earthproyecto.es\/tr\/wp-json\/wp\/v2\/pages\/467","targetHints":{"allow":["GET"]}}],"collection":[{"href":"https:\/\/earthproyecto.es\/tr\/wp-json\/wp\/v2\/pages"}],"about":[{"href":"https:\/\/earthproyecto.es\/tr\/wp-json\/wp\/v2\/types\/page"}],"author":[{"embeddable":true,"href":"https:\/\/earthproyecto.es\/tr\/wp-json\/wp\/v2\/users\/1"}],"replies":[{"embeddable":true,"href":"https:\/\/earthproyecto.es\/tr\/wp-json\/wp\/v2\/comments?post=467"}],"version-history":[{"count":20,"href":"https:\/\/earthproyecto.es\/tr\/wp-json\/wp\/v2\/pages\/467\/revisions"}],"predecessor-version":[{"id":1255,"href":"https:\/\/earthproyecto.es\/tr\/wp-json\/wp\/v2\/pages\/467\/revisions\/1255"}],"wp:attachment":[{"href":"https:\/\/earthproyecto.es\/tr\/wp-json\/wp\/v2\/media?parent=467"}],"curies":[{"name":"wp","href":"https:\/\/api.w.org\/{rel}","templated":true}]}}